{"id":138,"date":"2019-07-22T11:05:56","date_gmt":"2019-07-22T09:05:56","guid":{"rendered":"https:\/\/laboratoire-olcea.fr\/?page_id=138"},"modified":"2019-10-17T14:20:32","modified_gmt":"2019-10-17T12:20:32","slug":"indice-de-sedimentation-zeleny","status":"publish","type":"page","link":"https:\/\/laboratoire-olcea.fr\/index.php\/indice-de-sedimentation-zeleny\/","title":{"rendered":"Indice de s\u00e9dimentation Z\u00e9l\u00e9ny"},"content":{"rendered":"<div class=\"fusion-fullwidth fullwidth-box fusion-builder-row-1 nonhundred-percent-fullwidth non-hundred-percent-height-scrolling\" style=\"--awb-border-radius-top-left:0px;--awb-border-radius-top-right:0px;--awb-border-radius-bottom-right:0px;--awb-border-radius-bottom-left:0px;--awb-padding-right:15%;--awb-padding-left:15%;--awb-flex-wrap:wrap;\" ><div class=\"fusion-builder-row fusion-row\"><div class=\"fusion-layout-column fusion_builder_column fusion-builder-column-0 fusion_builder_column_2_3 2_3 fusion-two-third fusion-column-first\" style=\"--awb-bg-size:cover;width:66.666666666667%;width:calc(66.666666666667% - ( ( 4% ) * 0.66666666666667 ) );margin-right: 4%;\"><div class=\"fusion-column-wrapper fusion-column-has-shadow fusion-flex-column-wrapper-legacy\"><div class=\"fusion-title title fusion-title-1 fusion-title-center fusion-title-text fusion-title-size-two\" style=\"--awb-text-color:#000000;--awb-margin-top-small:0px;--awb-margin-right-small:0px;--awb-margin-bottom-small:20px;--awb-margin-left-small:0px;--awb-sep-color:#000000;--awb-font-size:25px;\"><div class=\"title-sep-container title-sep-container-left\"><div class=\"title-sep sep-single sep-solid\" style=\"border-color:#000000;\"><\/div><\/div><span class=\"awb-title-spacer\"><\/span><h2 class=\"fusion-title-heading title-heading-center\" style=\"margin:0;font-size:1em;\">L&rsquo;indice de s\u00e9dimentation Z\u00e9l\u00e9ny<\/h2><span class=\"awb-title-spacer\"><\/span><div class=\"title-sep-container title-sep-container-right\"><div class=\"title-sep sep-single sep-solid\" style=\"border-color:#000000;\"><\/div><\/div><\/div><div class=\"fusion-text fusion-text-1\"><p>Au niveau r\u00e9glementaire, c\u2019est un des crit\u00e8res retenus dans la d\u00e9finition des<strong>\u00a0conditions minimales \u00e0 l\u2019intervention<\/strong>. De plus, il permet un\u00a0<strong>classement rapide<\/strong>\u00a0des bl\u00e9s suivant leur qualit\u00e9.<br \/>\n<strong>Le z\u00e9l\u00e9ny\u00a0<\/strong>\u00a0repose sur l\u2019aptitude des prot\u00e9ines de la farine \u00e0<strong>\u00a0gonfler en milieu acide<\/strong>.<br \/>\nOn mesure la hauteur du d\u00e9p\u00f4t obtenu apr\u00e8s agitation et s\u00e9dimentation d\u2019une pr\u00e9paration de farine en suspension dans un r\u00e9actif. Son r\u00e9sultat est exprim\u00e9 en mL.<\/p>\n<\/div><div class=\"fusion-image-element fusion-image-align-center in-legacy-container\" style=\"text-align:center;--awb-caption-title-font-family:var(--h2_typography-font-family);--awb-caption-title-font-weight:var(--h2_typography-font-weight);--awb-caption-title-font-style:var(--h2_typography-font-style);--awb-caption-title-size:var(--h2_typography-font-size);--awb-caption-title-transform:var(--h2_typography-text-transform);--awb-caption-title-line-height:var(--h2_typography-line-height);--awb-caption-title-letter-spacing:var(--h2_typography-letter-spacing);\"><div class=\"imageframe-align-center\"><span class=\" fusion-imageframe imageframe-none imageframe-1 hover-type-none\"><img decoding=\"async\" width=\"2000\" height=\"1500\" title=\"zeleny\" src=\"https:\/\/laboratoire-olcea.fr\/wp-content\/uploads\/2019\/09\/zeleny.jpg\" alt class=\"img-responsive wp-image-1114\" srcset=\"https:\/\/laboratoire-olcea.fr\/wp-content\/uploads\/2019\/09\/zeleny-200x150.jpg 200w, https:\/\/laboratoire-olcea.fr\/wp-content\/uploads\/2019\/09\/zeleny-400x300.jpg 400w, https:\/\/laboratoire-olcea.fr\/wp-content\/uploads\/2019\/09\/zeleny-600x450.jpg 600w, https:\/\/laboratoire-olcea.fr\/wp-content\/uploads\/2019\/09\/zeleny-800x600.jpg 800w, https:\/\/laboratoire-olcea.fr\/wp-content\/uploads\/2019\/09\/zeleny-1200x900.jpg 1200w, https:\/\/laboratoire-olcea.fr\/wp-content\/uploads\/2019\/09\/zeleny.jpg 2000w\" sizes=\"(max-width: 800px) 100vw, 2000px\" \/><\/span><\/div><\/div><div class=\"fusion-title title fusion-title-2 fusion-title-center fusion-title-text fusion-title-size-two\" style=\"--awb-text-color:#000000;--awb-margin-top:30px;--awb-margin-top-small:0px;--awb-margin-right-small:0px;--awb-margin-bottom-small:20px;--awb-margin-left-small:0px;--awb-sep-color:#020202;--awb-font-size:25px;\"><div class=\"title-sep-container title-sep-container-left\"><div class=\"title-sep sep-single sep-solid\" style=\"border-color:#020202;\"><\/div><\/div><span class=\"awb-title-spacer\"><\/span><h2 class=\"fusion-title-heading title-heading-center\" style=\"margin:0;font-size:1em;\">Esp\u00e8ces concern\u00e9es<\/h2><span class=\"awb-title-spacer\"><\/span><div class=\"title-sep-container title-sep-container-right\"><div class=\"title-sep sep-single sep-solid\" style=\"border-color:#020202;\"><\/div><\/div><\/div><div class=\"fusion-builder-row fusion-builder-row-inner fusion-row\"><div class=\"fusion-layout-column fusion_builder_column_inner fusion-builder-nested-column-0 fusion_builder_column_inner_1_2 1_2 fusion-one-half fusion-column-first fusion-column-inner-bg-wrapper\" style=\"--awb-padding-top:20px;--awb-padding-bottom:20px;--awb-inner-bg-image:url(&#039;https:\/\/laboratoire-olcea.fr\/wp-content\/uploads\/2019\/10\/ble\u0301-tendre.jpg&#039;);--awb-inner-bg-size:cover;--awb-border-color:#e5e5e5;--awb-border-style:solid;width:50%;width:calc(50% - ( ( 4% ) * 0.5 ) );margin-right: 4%;\"><span class=\"fusion-column-inner-bg hover-type-zoomout\"><a class=\"fusion-column-anchor\" href=\"https:\/\/laboratoire-olcea.fr\/index.php\/ble-tendre\/\"><span class=\"fusion-column-inner-bg-image\"><\/span><\/a><\/span><div class=\"fusion-column-wrapper fusion-column-has-shadow fusion-flex-column-wrapper-legacy fusion-column-has-bg-image\" data-bg-url=\"https:\/\/laboratoire-olcea.fr\/wp-content\/uploads\/2019\/10\/ble\u0301-tendre.jpg\"><div class=\"fusion-button-wrapper fusion-aligncenter\"><a class=\"fusion-button button-flat fusion-button-default-size button-default fusion-button-default button-1 fusion-button-default-span fusion-button-default-type\" style=\"--button_text_transform:none;\" target=\"_self\"><span class=\"fusion-button-text awb-button__text awb-button__text--default\">Bl\u00e9 tendre<\/span><\/a><\/div><div class=\"fusion-clearfix\"><\/div><\/div><\/div><div class=\"fusion-layout-column fusion_builder_column_inner fusion-builder-nested-column-1 fusion_builder_column_inner_1_2 1_2 fusion-one-half fusion-column-last fusion-column-inner-bg-wrapper\" style=\"--awb-padding-top:20px;--awb-padding-bottom:20px;--awb-inner-bg-image:url(&#039;https:\/\/laboratoire-olcea.fr\/wp-content\/uploads\/2019\/07\/farine-2.png&#039;);--awb-inner-bg-size:cover;--awb-border-color:#e5e5e5;--awb-border-style:solid;width:50%;width:calc(50% - ( ( 4% ) * 0.5 ) );\"><span class=\"fusion-column-inner-bg hover-type-zoomout\"><a class=\"fusion-column-anchor\" href=\"https:\/\/laboratoire-olcea.fr\/index.php\/farine\/\"><span class=\"fusion-column-inner-bg-image\"><\/span><\/a><\/span><div class=\"fusion-column-wrapper fusion-column-has-shadow fusion-flex-column-wrapper-legacy fusion-column-has-bg-image\" data-bg-url=\"https:\/\/laboratoire-olcea.fr\/wp-content\/uploads\/2019\/07\/farine-2.png\"><div class=\"fusion-button-wrapper fusion-aligncenter\"><a class=\"fusion-button button-flat fusion-button-default-size button-default fusion-button-default button-2 fusion-button-default-span fusion-button-default-type\" style=\"--button_text_transform:none;\" target=\"_self\"><span class=\"fusion-button-text awb-button__text awb-button__text--default\">Farine<\/span><\/a><\/div><div class=\"fusion-clearfix\"><\/div><\/div><\/div><\/div><div class=\"fusion-builder-row fusion-builder-row-inner fusion-row\"><div class=\"fusion-layout-column fusion_builder_column_inner fusion-builder-nested-column-2 fusion_builder_column_inner_1_1 1_1 fusion-one-full fusion-column-first fusion-column-last\" style=\"--awb-padding-top:30px;--awb-padding-right:50px;--awb-padding-left:50px;--awb-bg-color:#f4f4f4;--awb-bg-color-hover:#f4f4f4;--awb-bg-size:cover;\"><div class=\"fusion-column-wrapper fusion-flex-column-wrapper-legacy\"><div class=\"fusion-title title fusion-title-3 fusion-title-center fusion-title-text fusion-title-size-two\" style=\"--awb-text-color:#000000;--awb-margin-top-small:0px;--awb-margin-right-small:0px;--awb-margin-bottom-small:20px;--awb-margin-left-small:0px;--awb-sep-color:#000000;--awb-font-size:34px;\"><div class=\"title-sep-container title-sep-container-left\"><div class=\"title-sep sep-single sep-solid\" style=\"border-color:#000000;\"><\/div><\/div><span class=\"awb-title-spacer\"><\/span><h2 class=\"fusion-title-heading title-heading-center\" style=\"margin:0;font-size:1em;\">Vous \u00eates int\u00e9ress\u00e9 ?<\/h2><span class=\"awb-title-spacer\"><\/span><div class=\"title-sep-container title-sep-container-right\"><div class=\"title-sep sep-single sep-solid\" style=\"border-color:#000000;\"><\/div><\/div><\/div><div class=\"fusion-content-boxes content-boxes columns row fusion-columns-3 fusion-columns-total-3 fusion-content-boxes-1 content-boxes-icon-with-title content-left\" style=\"--awb-hover-accent-color:#ff9800;--awb-circle-hover-accent-color:#ff9800;\" data-animationOffset=\"top-into-view\"><div style=\"--awb-backgroundcolor:rgba(255,255,255,0);\" class=\"fusion-column content-box-column content-box-column content-box-column-1 col-lg-4 col-md-4 col-sm-4 fusion-content-box-hover content-box-column-first-in-row\"><div class=\"col content-box-wrapper content-wrapper link-area-link-icon icon-hover-animation-fade\" data-animationOffset=\"top-into-view\"><div class=\"fusion-clearfix\"><\/div><div class=\"content-container\">\n<div class=\"fusion-button-wrapper fusion-aligncenter\"><a class=\"fusion-button button-flat button-xlarge button-custom fusion-button-default button-3 fusion-button-default-span fusion-button-default-type\" style=\"--button_accent_color:#fff;--button_accent_hover_color:#000;--button_border_hover_color:#000;--button_gradient_top_color:#ff9800;--button_gradient_bottom_color:#ff9800;--button_gradient_top_color_hover:#fff;--button_gradient_bottom_color_hover:#fff;--button_text_transform:none;\" target=\"_self\" href=\"https:\/\/laboratoire-olcea.fr\/index.php\/contact\/\"><span class=\"fusion-button-text awb-button__text awb-button__text--default\">Nous contacter<\/span><\/a><\/div>\n<\/div><\/div><\/div><div style=\"--awb-backgroundcolor:rgba(255,255,255,0);\" class=\"fusion-column content-box-column content-box-column content-box-column-2 col-lg-4 col-md-4 col-sm-4 fusion-content-box-hover \"><div class=\"col content-box-wrapper content-wrapper link-area-link-icon icon-hover-animation-fade\" data-animationOffset=\"top-into-view\"><div class=\"fusion-clearfix\"><\/div><div class=\"content-container\">\n<div class=\"fusion-button-wrapper fusion-aligncenter\"><a class=\"fusion-button button-flat button-xlarge button-custom fusion-button-default button-4 fusion-button-default-span fusion-button-default-type\" style=\"--button_accent_color:#fff;--button_accent_hover_color:#000;--button_border_hover_color:#000;--button_gradient_top_color:#ff9800;--button_gradient_bottom_color:#ff9800;--button_gradient_top_color_hover:#fff;--button_gradient_bottom_color_hover:#fff;--button_text_transform:none;\" target=\"_blank\" rel=\"noopener noreferrer\" href=\"https:\/\/laboratoire-olcea.fr\/wp-content\/uploads\/2019\/10\/cata-OLCEA-Web-sans-prix.pdf\"><span class=\"fusion-button-text awb-button__text awb-button__text--default\">Catalogue<\/span><\/a><\/div>\n<\/div><\/div><\/div><div style=\"--awb-backgroundcolor:rgba(255,255,255,0);\" class=\"fusion-column content-box-column content-box-column content-box-column-3 col-lg-4 col-md-4 col-sm-4 fusion-content-box-hover content-box-column-last content-box-column-last-in-row\"><div class=\"col content-box-wrapper content-wrapper link-area-link-icon icon-hover-animation-fade\" data-animationOffset=\"top-into-view\"><div class=\"fusion-clearfix\"><\/div><div class=\"content-container\">\n<div class=\"fusion-button-wrapper fusion-aligncenter\"><a class=\"fusion-button button-flat button-xlarge button-custom fusion-button-default button-5 fusion-button-default-span fusion-button-default-type\" style=\"--button_accent_color:#fff;--button_accent_hover_color:#000;--button_border_hover_color:#000;--button_gradient_top_color:#ff9800;--button_gradient_bottom_color:#ff9800;--button_gradient_top_color_hover:#fff;--button_gradient_bottom_color_hover:#fff;--button_text_transform:none;\" target=\"_blank\" rel=\"noopener noreferrer\" href=\"https:\/\/laboratoire-olcea.fr\/wp-content\/uploads\/2019\/08\/FE700-E-demande-danalyses.pdf\"><span class=\"fusion-button-text awb-button__text awb-button__text--default\">Bon de commande<\/span><\/a><\/div>\n<\/div><\/div><\/div><div class=\"fusion-clearfix\"><\/div><\/div><div class=\"fusion-clearfix\"><\/div><\/div><\/div><\/div><div class=\"fusion-clearfix\"><\/div><\/div><\/div><div class=\"fusion-layout-column fusion_builder_column fusion-builder-column-1 fusion_builder_column_1_3 1_3 fusion-one-third fusion-column-last\" style=\"--awb-padding-top:20px;--awb-padding-right:20px;--awb-padding-bottom:20px;--awb-padding-left:20px;--awb-bg-color:#f7f7f7;--awb-bg-color-hover:#f7f7f7;--awb-bg-size:cover;--awb-border-color:#ff9800;--awb-border-left:4px;--awb-border-style:solid;width:33.333333333333%;width:calc(33.333333333333% - ( ( 4% ) * 0.33333333333333 ) );\"><div class=\"fusion-column-wrapper fusion-column-has-shadow fusion-flex-column-wrapper-legacy\"><div class=\"fusion-title title fusion-title-4 fusion-sep-none fusion-title-text fusion-title-size-two\" style=\"--awb-text-color:#000000;--awb-margin-top-small:0px;--awb-margin-right-small:0px;--awb-margin-bottom-small:20px;--awb-margin-left-small:0px;--awb-sep-color:#020202;--awb-font-size:25px;\"><h2 class=\"fusion-title-heading title-heading-left\" style=\"margin:0;font-size:1em;\">Toutes les analyses<\/h2><\/div><ul style=\"--awb-size:15px;--awb-line-height:25.5px;--awb-icon-width:25.5px;--awb-icon-height:25.5px;--awb-icon-margin:10.5px;--awb-content-margin:36px;--awb-circlecolor:#ff9800;--awb-circle-yes-font-size:13.2px;\" class=\"fusion-checklist fusion-checklist-1 fusion-checklist-default type-icons\"><li class=\"fusion-li-item\" style=\"\"><span class=\"icon-wrapper circle-yes\"><i class=\"fusion-li-icon awb-icon-check\" aria-hidden=\"true\"><\/i><\/span><div class=\"fusion-li-item-content\">\n<p>Physico-chimiques<\/p>\n<ul>\n<li><a href=\"https:\/\/laboratoire-olcea.fr\/index.php\/teneur-en-eau\/\">Teneur en eau<\/a><\/li>\n<li><a href=\"https:\/\/laboratoire-olcea.fr\/index.php\/teneur-en-cendre\/\">Teneur en cendres<\/a><\/li>\n<li><a href=\"https:\/\/laboratoire-olcea.fr\/index.php\/teneur-en-proteines\/\">Teneur en prot\u00e9ines<\/a><\/li>\n<li><a href=\"https:\/\/laboratoire-olcea.fr\/index.php\/temps-de-chute-hagberg\/\">Temps de chute<\/a><\/li>\n<li><a href=\"https:\/\/laboratoire-olcea.fr\/index.php\/poids-specifique\/\">Poids sp\u00e9cifique<\/a><\/li>\n<li><span style=\"color: #ff9900;\"><strong><a style=\"color: #ff9900;\" href=\"https:\/\/laboratoire-olcea.fr\/index.php\/indice-de-sedimentation-zeleny\/\">Indice de s\u00e9dimentation Z\u00e9l\u00e9ny<\/a><\/strong><\/span><\/li>\n<li><a href=\"https:\/\/laboratoire-olcea.fr\/index.php\/poids-de-mille-grains\/\">Poids de mille grains<\/a><\/li>\n<li><a href=\"https:\/\/laboratoire-olcea.fr\/index.php\/durete\/\">Duret\u00e9<\/a><\/li>\n<li><a href=\"https:\/\/laboratoire-olcea.fr\/index.php\/impurete\/\">Impuret\u00e9s<\/a><\/li>\n<li><a href=\"https:\/\/laboratoire-olcea.fr\/index.php\/promatest\/\">Promatest<\/a><\/li>\n<li><a href=\"https:\/\/laboratoire-olcea.fr\/index.php\/calibrage-de-lorge\/\">Calibrage de l&rsquo;orge<\/a><\/li>\n<li><a href=\"https:\/\/laboratoire-olcea.fr\/index.php\/endommagement-des-amidons\/\">Endommagement des amidons<\/a><\/li>\n<li style=\"list-style-type: none;\"><\/li>\n<\/ul>\n<ul>\n<li style=\"list-style-type: none;\"><\/li>\n<\/ul>\n<\/div><\/li><li class=\"fusion-li-item\" style=\"\"><span class=\"icon-wrapper circle-yes\"><i class=\"fusion-li-icon awb-icon-check\" aria-hidden=\"true\"><\/i><\/span><div class=\"fusion-li-item-content\">\n<p>Technologiques<\/p>\n<ul>\n<li><a href=\"https:\/\/laboratoire-olcea.fr\/index.php\/alveographe\/\">Alv\u00e9ographe<\/a><\/li>\n<li><a href=\"https:\/\/laboratoire-olcea.fr\/index.php\/gluten\/\">Gluten<\/a><\/li>\n<li><a href=\"https:\/\/laboratoire-olcea.fr\/index.php\/farinographe\/\">Farinographe<\/a><\/li>\n<li style=\"list-style-type: none;\"><\/li>\n<\/ul>\n<\/div><\/li><li class=\"fusion-li-item\" style=\"\"><span class=\"icon-wrapper circle-yes\"><i class=\"fusion-li-icon awb-icon-check\" aria-hidden=\"true\"><\/i><\/span><div class=\"fusion-li-item-content\">\n<p>Sanitaires<\/p>\n<ul>\n<li><a href=\"https:\/\/laboratoire-olcea.fr\/index.php\/filth-test\/\">Filth test<\/a><\/li>\n<li><a href=\"https:\/\/laboratoire-olcea.fr\/index.php\/metaux-lourds\/\">M\u00e9taux lourds<\/a><\/li>\n<li><a href=\"https:\/\/laboratoire-olcea.fr\/index.php\/mycotoxines\/\">Mycotoxines<\/a><\/li>\n<li><a href=\"https:\/\/laboratoire-olcea.fr\/index.php\/pesticides\/\">Pesticides<\/a><\/li>\n<li><a href=\"https:\/\/laboratoire-olcea.fr\/index.php\/omg\/\">OGM<\/a><\/li>\n<li style=\"list-style-type: none;\"><\/li>\n<\/ul>\n<\/div><\/li><li class=\"fusion-li-item\" style=\"\"><span class=\"icon-wrapper circle-yes\"><i class=\"fusion-li-icon awb-icon-check\" aria-hidden=\"true\"><\/i><\/span><div class=\"fusion-li-item-content\">\n<p><a href=\"https:\/\/laboratoire-olcea.fr\/index.php\/panification\/\">Panification<\/a><\/p>\n<\/div><\/li><\/ul><div class=\"fusion-clearfix\"><\/div><\/div><\/div><\/div><\/div>\n","protected":false},"excerpt":{"rendered":"","protected":false},"author":1,"featured_media":0,"parent":0,"menu_order":0,"comment_status":"closed","ping_status":"closed","template":"","meta":{"footnotes":""},"class_list":["post-138","page","type-page","status-publish","hentry"],"_links":{"self":[{"href":"https:\/\/laboratoire-olcea.fr\/index.php\/wp-json\/wp\/v2\/pages\/138","targetHints":{"allow":["GET"]}}],"collection":[{"href":"https:\/\/laboratoire-olcea.fr\/index.php\/wp-json\/wp\/v2\/pages"}],"about":[{"href":"https:\/\/laboratoire-olcea.fr\/index.php\/wp-json\/wp\/v2\/types\/page"}],"author":[{"embeddable":true,"href":"https:\/\/laboratoire-olcea.fr\/index.php\/wp-json\/wp\/v2\/users\/1"}],"replies":[{"embeddable":true,"href":"https:\/\/laboratoire-olcea.fr\/index.php\/wp-json\/wp\/v2\/comments?post=138"}],"version-history":[{"count":0,"href":"https:\/\/laboratoire-olcea.fr\/index.php\/wp-json\/wp\/v2\/pages\/138\/revisions"}],"wp:attachment":[{"href":"https:\/\/laboratoire-olcea.fr\/index.php\/wp-json\/wp\/v2\/media?parent=138"}],"curies":[{"name":"wp","href":"https:\/\/api.w.org\/{rel}","templated":true}]}}